{"id":37,"date":"2025-07-17T21:44:28","date_gmt":"2025-07-18T00:44:28","guid":{"rendered":"https:\/\/leandrogonzales.com\/?page_id=37"},"modified":"2025-07-29T12:52:24","modified_gmt":"2025-07-29T15:52:24","slug":"home","status":"publish","type":"page","link":"https:\/\/leandrogonzales.com\/en\/","title":{"rendered":"Home"},"content":{"rendered":"\t\t<div data-elementor-type=\"wp-page\" data-elementor-id=\"37\" class=\"elementor elementor-37\" data-elementor-post-type=\"page\">\n\t\t\t\t<div data-particle_enable=\"false\" data-particle-mobile-disabled=\"false\" class=\"elementor-element elementor-element-c5319b3 e-flex e-con-boxed e-con e-parent\" data-id=\"c5319b3\" data-element_type=\"container\" data-e-type=\"container\" data-settings=\"{&quot;background_background&quot;:&quot;classic&quot;}\">\n\t\t\t\t\t<div class=\"e-con-inner\">\n\t\t<div data-particle_enable=\"false\" data-particle-mobile-disabled=\"false\" class=\"elementor-element elementor-element-4fa1862 e-con-full e-flex e-con e-child\" data-id=\"4fa1862\" data-element_type=\"container\" data-e-type=\"container\">\n\t\t\t\t<div class=\"elementor-element elementor-element-29c9281 elementor-widget elementor-widget-heading\" data-id=\"29c9281\" data-element_type=\"widget\" data-e-type=\"widget\" data-widget_type=\"heading.default\">\n\t\t\t\t\t<h1 class=\"elementor-heading-title elementor-size-default\">Leandro Gonzales \u2013 Creator of Legal Scrum, Pioneer in Agile Management for Legal Organizations, Global Reference in Legal Agile and World Record Holder in Legal Performance.<\/h1>\t\t\t\t<\/div>\n\t\t\t\t<\/div>\n\t\t<div data-particle_enable=\"false\" data-particle-mobile-disabled=\"false\" class=\"elementor-element elementor-element-afd8fa8 e-con-full e-flex e-con e-child\" data-id=\"afd8fa8\" data-element_type=\"container\" data-e-type=\"container\">\n\t\t\t\t<\/div>\n\t\t\t\t\t<\/div>\n\t\t\t\t<\/div>\n\t\t<div data-particle_enable=\"false\" data-particle-mobile-disabled=\"false\" class=\"elementor-element elementor-element-a73a4d5 e-flex e-con-boxed e-con e-parent\" data-id=\"a73a4d5\" data-element_type=\"container\" data-e-type=\"container\" data-settings=\"{&quot;background_background&quot;:&quot;classic&quot;}\">\n\t\t\t\t\t<div class=\"e-con-inner\">\n\t\t\t\t<div class=\"elementor-element elementor-element-310fcf4 elementor-widget elementor-widget-heading\" data-id=\"310fcf4\" data-element_type=\"widget\" data-e-type=\"widget\" data-widget_type=\"heading.default\">\n\t\t\t\t\t<h2 class=\"elementor-heading-title elementor-size-default\">Transforming legal organizations worldwide since 2016 with groundbreaking results through 700+ Sprints: 900% productivity increase at Ita\u00fa (AdvOps), +95 engagement at Ita\u00fa and +91 at Prodesp, 50% cost reduction at Prodesp. Documented cases at Ita\u00fa, Serpro, Prodesp, brMalls and Leandro Gonzales Advogados. Only Brazilian lawyer interviewed by Reuters Forum Magazine and featured at global events such as the Business Agility Conference NY &amp; Global, Fenalaw SP, Agile Trends SP and StartSe. Personally trained over 1,000 lawyers worldwide in Legal Agile Management.<\/h2>\t\t\t\t<\/div>\n\t\t\t\t\t<\/div>\n\t\t\t\t<\/div>\n\t\t<div data-particle_enable=\"false\" data-particle-mobile-disabled=\"false\" class=\"elementor-element elementor-element-7b85250 e-flex e-con-boxed e-con e-parent\" data-id=\"7b85250\" data-element_type=\"container\" data-e-type=\"container\" data-settings=\"{&quot;background_background&quot;:&quot;classic&quot;}\">\n\t\t\t\t\t<div class=\"e-con-inner\">\n\t\t<div data-particle_enable=\"false\" data-particle-mobile-disabled=\"false\" class=\"elementor-element elementor-element-ba451dc e-con-full e-flex e-con e-child\" data-id=\"ba451dc\" data-element_type=\"container\" data-e-type=\"container\">\n\t\t<div data-particle_enable=\"false\" data-particle-mobile-disabled=\"false\" class=\"elementor-element elementor-element-8bf9f99 e-con-full .box-autor e-flex e-con e-child\" data-id=\"8bf9f99\" data-element_type=\"container\" data-e-type=\"container\">\n\t\t\t\t<div class=\"elementor-element elementor-element-2e1fdf6 elementor-widget elementor-widget-text-editor\" data-id=\"2e1fdf6\" data-element_type=\"widget\" data-e-type=\"widget\" data-widget_type=\"text-editor.default\">\n\t\t\t\t\t\t\t\t\t<p>World Record<\/p>\t\t\t\t\t\t\t\t<\/div>\n\t\t\t\t<div class=\"elementor-element elementor-element-4793e4a elementor-widget elementor-widget-text-editor\" data-id=\"4793e4a\" data-element_type=\"widget\" data-e-type=\"widget\" data-widget_type=\"text-editor.default\">\n\t\t\t\t\t\t\t\t\t<strong>+900%<\/strong> productivity increase in legal operations at Ita\u00fa (AdvOps) \u2013 world\u2019s highest recorded legal performance.\t\t\t\t\t\t\t\t<\/div>\n\t\t\t\t<\/div>\n\t\t<div data-particle_enable=\"false\" data-particle-mobile-disabled=\"false\" class=\"elementor-element elementor-element-1a6e262 e-con-full e-flex e-con e-child\" data-id=\"1a6e262\" data-element_type=\"container\" data-e-type=\"container\">\n\t\t\t\t<div class=\"elementor-element elementor-element-2393ed9 elementor-widget elementor-widget-text-editor\" data-id=\"2393ed9\" data-element_type=\"widget\" data-e-type=\"widget\" data-widget_type=\"text-editor.default\">\n\t\t\t\t\t\t\t\t\t<p>Only in the World<\/p>\t\t\t\t\t\t\t\t<\/div>\n\t\t\t\t<div class=\"elementor-element elementor-element-2e54a26 elementor-widget elementor-widget-text-editor\" data-id=\"2e54a26\" data-element_type=\"widget\" data-e-type=\"widget\" data-widget_type=\"text-editor.default\">\n\t\t\t\t\t\t\t\t\t<strong>Creator of the first Legal Scrum team in the world (2016)<\/strong> 100% of all Legal Scrum implementations with proven results.\n\t\t\t\t\t\t\t\t<\/div>\n\t\t\t\t<\/div>\n\t\t<div data-particle_enable=\"false\" data-particle-mobile-disabled=\"false\" class=\"elementor-element elementor-element-0e1e6c9 e-con-full e-flex e-con e-child\" data-id=\"0e1e6c9\" data-element_type=\"container\" data-e-type=\"container\">\n\t\t\t\t<div class=\"elementor-element elementor-element-68bf14d elementor-widget elementor-widget-text-editor\" data-id=\"68bf14d\" data-element_type=\"widget\" data-e-type=\"widget\" data-widget_type=\"text-editor.default\">\n\t\t\t\t\t\t\t\t\t<p>Global Recognition<\/p>\t\t\t\t\t\t\t\t<\/div>\n\t\t\t\t<div class=\"elementor-element elementor-element-c25b3c9 elementor-widget elementor-widget-text-editor\" data-id=\"c25b3c9\" data-element_type=\"widget\" data-e-type=\"widget\" data-widget_type=\"text-editor.default\">\n\t\t\t\t\t\t\t\t\t<strong>Only Brazilian lawyer interviewed by Reuters (Forum Magazine)<\/strong> and featured at the Business Agility Conference NY &#038; Global.\n\t\t\t\t\t\t\t\t<\/div>\n\t\t\t\t<\/div>\n\t\t\t\t<\/div>\n\t\t<div data-particle_enable=\"false\" data-particle-mobile-disabled=\"false\" class=\"elementor-element elementor-element-4f3da7d e-con-full e-flex e-con e-child\" data-id=\"4f3da7d\" data-element_type=\"container\" data-e-type=\"container\">\n\t\t\t\t<div class=\"elementor-element elementor-element-d38e387 elementor-widget elementor-widget-button\" data-id=\"d38e387\" data-element_type=\"widget\" data-e-type=\"widget\" data-widget_type=\"button.default\">\n\t\t\t\t\t\t\t\t\t\t<a class=\"elementor-button elementor-button-link elementor-size-sm\" href=\"https:\/\/leandrogonzales.com\/en\/my-legacy\/\">\n\t\t\t\t\t\t<span class=\"elementor-button-content-wrapper\">\n\t\t\t\t\t\t\t\t\t<span class=\"elementor-button-text\">My Legacy<\/span>\n\t\t\t\t\t<\/span>\n\t\t\t\t\t<\/a>\n\t\t\t\t\t\t\t\t<\/div>\n\t\t\t\t<div class=\"elementor-element elementor-element-e324e68 elementor-widget elementor-widget-button\" data-id=\"e324e68\" data-element_type=\"widget\" data-e-type=\"widget\" data-widget_type=\"button.default\">\n\t\t\t\t\t\t\t\t\t\t<a class=\"elementor-button elementor-button-link elementor-size-sm\" href=\"https:\/\/leandrogonzales.com\/en\/blog\/\">\n\t\t\t\t\t\t<span class=\"elementor-button-content-wrapper\">\n\t\t\t\t\t\t\t\t\t<span class=\"elementor-button-text\">Read My Articles<\/span>\n\t\t\t\t\t<\/span>\n\t\t\t\t\t<\/a>\n\t\t\t\t\t\t\t\t<\/div>\n\t\t\t\t<\/div>\n\t\t\t\t\t<\/div>\n\t\t\t\t<\/div>\n\t\t\t\t<\/div>\n\t\t","protected":false},"excerpt":{"rendered":"<p>Leandro Gonzales \u2013 Creator of Legal Scrum, Pioneer in Agile Management for Legal Organizations, Global Reference in Legal Agile and World Record Holder in Legal Performance. Transforming legal organizations worldwide since 2016 with groundbreaking results through 700+ Sprints: 900% productivity increase at Ita\u00fa (AdvOps), +95 engagement at Ita\u00fa and +91 at Prodesp, 50% cost reduction [&hellip;]<\/p>\n","protected":false},"author":1,"featured_media":0,"parent":0,"menu_order":0,"comment_status":"closed","ping_status":"closed","template":"","meta":{"footnotes":""},"class_list":["post-37","page","type-page","status-publish","hentry"],"_links":{"self":[{"href":"https:\/\/leandrogonzales.com\/en\/wp-json\/wp\/v2\/pages\/37","targetHints":{"allow":["GET"]}}],"collection":[{"href":"https:\/\/leandrogonzales.com\/en\/wp-json\/wp\/v2\/pages"}],"about":[{"href":"https:\/\/leandrogonzales.com\/en\/wp-json\/wp\/v2\/types\/page"}],"author":[{"embeddable":true,"href":"https:\/\/leandrogonzales.com\/en\/wp-json\/wp\/v2\/users\/1"}],"replies":[{"embeddable":true,"href":"https:\/\/leandrogonzales.com\/en\/wp-json\/wp\/v2\/comments?post=37"}],"version-history":[{"count":277,"href":"https:\/\/leandrogonzales.com\/en\/wp-json\/wp\/v2\/pages\/37\/revisions"}],"predecessor-version":[{"id":618,"href":"https:\/\/leandrogonzales.com\/en\/wp-json\/wp\/v2\/pages\/37\/revisions\/618"}],"wp:attachment":[{"href":"https:\/\/leandrogonzales.com\/en\/wp-json\/wp\/v2\/media?parent=37"}],"curies":[{"name":"wp","href":"https:\/\/api.w.org\/{rel}","templated":true}]}}